{"id":2651,"date":"2025-10-14T09:05:38","date_gmt":"2025-10-14T09:05:38","guid":{"rendered":"https:\/\/hausbrandt1892.si\/trgovina\/?post_type=product&#038;p=2651"},"modified":"2026-02-19T10:44:47","modified_gmt":"2026-02-19T10:44:47","slug":"kava-mleta-espresso-100arabica-250-g","status":"publish","type":"product","link":"https:\/\/hausbrandt1892.si\/trgovina\/izdelek\/kava-mleta-espresso-100arabica-250-g\/","title":{"rendered":"KAVA MLETA ESPRESSO 100%ARABICA  250 g"},"content":{"rendered":"<p>Sublime Espresso, idealna kava v popolni obliki.<\/p>\n<p>100 % pra\u017eena in mleta kava Arabica Espresso.<br \/>\nPrefinjena in uravnote\u017eena kava Sublime se pona\u0161a s cvetli\u010dnimi aromami z notami suhega sadja in medu. V okusu je srednje intenzivnosti z lahko in uravnote\u017eeno kislostjo.<br \/>\n\u017dlahtna, prefinjena kava s Sublime aromo v elegantni embala\u017ei, ki zahvaljujo\u010d ne\u017eni in sanjski \u017eivahnosti modrine razkrije zna\u010daj kave.<\/p>\n<p>Sublime je na voljo v 250 g plo\u010devinki z novim elegantnim navojnim pokrov\u010dkom, ki ohranja kakovost, vonj in okus najbolj\u0161e me\u0161anice 100 % Arabice.<\/p>\n<p>AROMA \u25cf\u25cf\u25cf\u25cf\u25cf<br \/>\nSLADKOST \u25cf\u25cf\u25cf\u25cf\u25cb<br \/>\nKISLOST \u25cf\u25cf\u25cf\u25cb\u25cb<br \/>\nSurova kava izven EU.<br \/>\nPakirano v za\u0161\u010ditni atmosferi.<br \/>\nNeto te\u017ea: 250 g<\/p>\n","protected":false},"excerpt":{"rendered":"<p>Prefinjena in uravnote\u017eena kava Sublime Espresso se pona\u0161a s cvetli\u010dnimi aromami z notami suhega sadja in medu. Po okusu je srednje intenzivna z lahko in uravnote\u017eeno kislostjo. Primerna za pripravo v caffetierci ali kot tur\u0161ka. Pakiranje 250 g v novi embala\u017ei plo\u010devinka.<\/p>\n","protected":false},"featured_media":2742,"comment_status":"open","ping_status":"closed","template":"","meta":{"_acf_changed":false},"product_brand":[],"product_cat":[48,20],"product_tag":[],"class_list":{"0":"post-2651","1":"product","2":"type-product","3":"status-publish","4":"has-post-thumbnail","6":"product_cat-mleta-kava","7":"product_cat-kava","9":"first","10":"instock","11":"taxable","12":"shipping-taxable","13":"purchasable","14":"product-type-simple"},"acf":[],"_links":{"self":[{"href":"https:\/\/hausbrandt1892.si\/trgovina\/wp-json\/wp\/v2\/product\/2651","targetHints":{"allow":["GET"]}}],"collection":[{"href":"https:\/\/hausbrandt1892.si\/trgovina\/wp-json\/wp\/v2\/product"}],"about":[{"href":"https:\/\/hausbrandt1892.si\/trgovina\/wp-json\/wp\/v2\/types\/product"}],"replies":[{"embeddable":true,"href":"https:\/\/hausbrandt1892.si\/trgovina\/wp-json\/wp\/v2\/comments?post=2651"}],"wp:featuredmedia":[{"embeddable":true,"href":"https:\/\/hausbrandt1892.si\/trgovina\/wp-json\/wp\/v2\/media\/2742"}],"wp:attachment":[{"href":"https:\/\/hausbrandt1892.si\/trgovina\/wp-json\/wp\/v2\/media?parent=2651"}],"wp:term":[{"taxonomy":"product_brand","embeddable":true,"href":"https:\/\/hausbrandt1892.si\/trgovina\/wp-json\/wp\/v2\/product_brand?post=2651"},{"taxonomy":"product_cat","embeddable":true,"href":"https:\/\/hausbrandt1892.si\/trgovina\/wp-json\/wp\/v2\/product_cat?post=2651"},{"taxonomy":"product_tag","embeddable":true,"href":"https:\/\/hausbrandt1892.si\/trgovina\/wp-json\/wp\/v2\/product_tag?post=2651"}],"curies":[{"name":"wp","href":"https:\/\/api.w.org\/{rel}","templated":true}]}}