{"id":273,"date":"2021-02-02T13:27:47","date_gmt":"2021-02-02T12:27:47","guid":{"rendered":"https:\/\/hausbrandt1892.si\/trgovina\/?post_type=product&#038;p=273"},"modified":"2025-01-03T11:00:24","modified_gmt":"2025-01-03T11:00:24","slug":"gourmet-columbus","status":"publish","type":"product","link":"https:\/\/hausbrandt1892.si\/trgovina\/izdelek\/gourmet-columbus\/","title":{"rendered":"Gourmet Columbus &#8211; 1 kg"},"content":{"rendered":"<p>Kava v zrnih Gourmet Columbus je me\u0161anica 100 % Arabice na osnovi najbolj\u0161ih kavnih zrn, kot sta Colombia in Ethiopia Sidamo.<br \/>\nGourmet Columbus zdru\u017euje kakovost in pristnost kave Arabica. Z \u017eeljo po sladkem in uravnote\u017eenem okusu je Gourmet Columbus prava izbira, primerna za vsak trenutek dneva.<\/p>\n<p>Z me\u0161anico Gourmet Columbus lahko u\u017eivate v okusih in vonjavah, ki vas popeljejo v oddaljene latinskoameri\u0161ke de\u017eele.<br \/>\nNe\u017ena, rahlo kiselkasta, prijetno sladka aroma zrelega sadja, \u010dokolade, s priokusom za\u010dimb, ki z okusom po grenkem kakavu in sladkem korenu zaokro\u017eijo v edinstveno me\u0161anico.<\/p>\n","protected":false},"excerpt":{"rendered":"<p>Ne\u017ena, rahlo kiselkasta, prijetno sladka aroma zrelega sadja, \u010dokolade, s priokusom za\u010dimb.<\/p>\n","protected":false},"featured_media":512,"comment_status":"open","ping_status":"closed","template":"","meta":{"_acf_changed":false},"product_brand":[],"product_cat":[47,20],"product_tag":[],"class_list":{"0":"post-273","1":"product","2":"type-product","3":"status-publish","4":"has-post-thumbnail","6":"product_cat-kava-v-zrnih","7":"product_cat-kava","9":"first","10":"instock","11":"taxable","12":"shipping-taxable","13":"purchasable","14":"product-type-simple"},"acf":[],"_links":{"self":[{"href":"https:\/\/hausbrandt1892.si\/trgovina\/wp-json\/wp\/v2\/product\/273","targetHints":{"allow":["GET"]}}],"collection":[{"href":"https:\/\/hausbrandt1892.si\/trgovina\/wp-json\/wp\/v2\/product"}],"about":[{"href":"https:\/\/hausbrandt1892.si\/trgovina\/wp-json\/wp\/v2\/types\/product"}],"replies":[{"embeddable":true,"href":"https:\/\/hausbrandt1892.si\/trgovina\/wp-json\/wp\/v2\/comments?post=273"}],"wp:featuredmedia":[{"embeddable":true,"href":"https:\/\/hausbrandt1892.si\/trgovina\/wp-json\/wp\/v2\/media\/512"}],"wp:attachment":[{"href":"https:\/\/hausbrandt1892.si\/trgovina\/wp-json\/wp\/v2\/media?parent=273"}],"wp:term":[{"taxonomy":"product_brand","embeddable":true,"href":"https:\/\/hausbrandt1892.si\/trgovina\/wp-json\/wp\/v2\/product_brand?post=273"},{"taxonomy":"product_cat","embeddable":true,"href":"https:\/\/hausbrandt1892.si\/trgovina\/wp-json\/wp\/v2\/product_cat?post=273"},{"taxonomy":"product_tag","embeddable":true,"href":"https:\/\/hausbrandt1892.si\/trgovina\/wp-json\/wp\/v2\/product_tag?post=273"}],"curies":[{"name":"wp","href":"https:\/\/api.w.org\/{rel}","templated":true}]}}