{"id":285,"date":"2021-02-02T13:57:47","date_gmt":"2021-02-02T12:57:47","guid":{"rendered":"https:\/\/hausbrandt1892.si\/trgovina\/?post_type=product&#038;p=285"},"modified":"2025-01-07T09:22:11","modified_gmt":"2025-01-07T09:22:11","slug":"oro-casa","status":"publish","type":"product","link":"https:\/\/hausbrandt1892.si\/trgovina\/izdelek\/oro-casa\/","title":{"rendered":"Oro casa &#8211; 500 g"},"content":{"rendered":"<p>Plemenita me\u0161anica kave v zrnih Oro casa z bogatim, polnim okusom in komaj zaznavno kislostjo vas preseneti s svojo mo\u010dno aromo po suhem sadju. Za to klasi\u010dno, tradicionalno me\u0161anico pra\u017earne Hausbrandt sta zna\u010dilni sladkost in polnost okusa.<\/p>\n","protected":false},"excerpt":{"rendered":"<p>Me\u0161anica pra\u017eene kave v zrnu. Pakiranje: 500 g.<\/p>\n<p>Sladek, objemajo\u010d okus prijetnih cvetnih odtenkov.<\/p>\n","protected":false},"featured_media":518,"comment_status":"open","ping_status":"closed","template":"","meta":{"_acf_changed":false},"product_brand":[],"product_cat":[47,20],"product_tag":[],"class_list":{"0":"post-285","1":"product","2":"type-product","3":"status-publish","4":"has-post-thumbnail","6":"product_cat-kava-v-zrnih","7":"product_cat-kava","9":"first","10":"instock","11":"taxable","12":"shipping-taxable","13":"purchasable","14":"product-type-simple"},"acf":[],"_links":{"self":[{"href":"https:\/\/hausbrandt1892.si\/trgovina\/wp-json\/wp\/v2\/product\/285","targetHints":{"allow":["GET"]}}],"collection":[{"href":"https:\/\/hausbrandt1892.si\/trgovina\/wp-json\/wp\/v2\/product"}],"about":[{"href":"https:\/\/hausbrandt1892.si\/trgovina\/wp-json\/wp\/v2\/types\/product"}],"replies":[{"embeddable":true,"href":"https:\/\/hausbrandt1892.si\/trgovina\/wp-json\/wp\/v2\/comments?post=285"}],"wp:featuredmedia":[{"embeddable":true,"href":"https:\/\/hausbrandt1892.si\/trgovina\/wp-json\/wp\/v2\/media\/518"}],"wp:attachment":[{"href":"https:\/\/hausbrandt1892.si\/trgovina\/wp-json\/wp\/v2\/media?parent=285"}],"wp:term":[{"taxonomy":"product_brand","embeddable":true,"href":"https:\/\/hausbrandt1892.si\/trgovina\/wp-json\/wp\/v2\/product_brand?post=285"},{"taxonomy":"product_cat","embeddable":true,"href":"https:\/\/hausbrandt1892.si\/trgovina\/wp-json\/wp\/v2\/product_cat?post=285"},{"taxonomy":"product_tag","embeddable":true,"href":"https:\/\/hausbrandt1892.si\/trgovina\/wp-json\/wp\/v2\/product_tag?post=285"}],"curies":[{"name":"wp","href":"https:\/\/api.w.org\/{rel}","templated":true}]}}