{"id":301,"date":"2021-02-11T16:09:11","date_gmt":"2021-02-11T15:09:11","guid":{"rendered":"https:\/\/hausbrandt1892.si\/trgovina\/?post_type=product&#038;p=301"},"modified":"2026-02-19T10:41:48","modified_gmt":"2026-02-19T10:41:48","slug":"moka-gold","status":"publish","type":"product","link":"https:\/\/hausbrandt1892.si\/trgovina\/izdelek\/moka-gold\/","title":{"rendered":"Moka SUBLIME &#8211; 250 g"},"content":{"rendered":"<p>Me\u0161anica izbranih kavnih zrn, 100 % Arabica z zna\u010dilnimi sladkimi odtenki. Moka kava je mleta s posebno tehniko, zaradi \u010desar je idealna za pripravo kave v kafetieri.<br \/>\nMOKA SUBLIME Hausbrandt je uradna kava svetovnega pokala v tiramisuju 2021.<\/p>\n","protected":false},"excerpt":{"rendered":"<p>Me\u0161anica izbranih kavnih zrn, 100 % Arabica z zna\u010dilnimi sladkimi odtenki.<\/p>\n","protected":false},"featured_media":2740,"comment_status":"open","ping_status":"closed","template":"","meta":{"_acf_changed":false},"product_brand":[],"product_cat":[48,20],"product_tag":[65,67],"class_list":{"0":"post-301","1":"product","2":"type-product","3":"status-publish","4":"has-post-thumbnail","6":"product_cat-mleta-kava","7":"product_cat-kava","8":"product_tag-mleta-kava-100-arabica","9":"product_tag-mleta-kava-za-moko","11":"first","12":"instock","13":"taxable","14":"shipping-taxable","15":"purchasable","16":"product-type-simple"},"acf":[],"_links":{"self":[{"href":"https:\/\/hausbrandt1892.si\/trgovina\/wp-json\/wp\/v2\/product\/301","targetHints":{"allow":["GET"]}}],"collection":[{"href":"https:\/\/hausbrandt1892.si\/trgovina\/wp-json\/wp\/v2\/product"}],"about":[{"href":"https:\/\/hausbrandt1892.si\/trgovina\/wp-json\/wp\/v2\/types\/product"}],"replies":[{"embeddable":true,"href":"https:\/\/hausbrandt1892.si\/trgovina\/wp-json\/wp\/v2\/comments?post=301"}],"wp:featuredmedia":[{"embeddable":true,"href":"https:\/\/hausbrandt1892.si\/trgovina\/wp-json\/wp\/v2\/media\/2740"}],"wp:attachment":[{"href":"https:\/\/hausbrandt1892.si\/trgovina\/wp-json\/wp\/v2\/media?parent=301"}],"wp:term":[{"taxonomy":"product_brand","embeddable":true,"href":"https:\/\/hausbrandt1892.si\/trgovina\/wp-json\/wp\/v2\/product_brand?post=301"},{"taxonomy":"product_cat","embeddable":true,"href":"https:\/\/hausbrandt1892.si\/trgovina\/wp-json\/wp\/v2\/product_cat?post=301"},{"taxonomy":"product_tag","embeddable":true,"href":"https:\/\/hausbrandt1892.si\/trgovina\/wp-json\/wp\/v2\/product_tag?post=301"}],"curies":[{"name":"wp","href":"https:\/\/api.w.org\/{rel}","templated":true}]}}