{"id":315,"date":"2021-02-11T20:14:55","date_gmt":"2021-02-11T19:14:55","guid":{"rendered":"https:\/\/hausbrandt1892.si\/trgovina\/?post_type=product&#038;p=315"},"modified":"2025-04-14T12:30:17","modified_gmt":"2025-04-14T12:30:17","slug":"orzo","status":"publish","type":"product","link":"https:\/\/hausbrandt1892.si\/trgovina\/izdelek\/orzo\/","title":{"rendered":"Orzo &#8211; 50 KOM"},"content":{"rendered":"<p>Pakirano v varovalni kontrolirani atmosferi. Hraniti v hladnem in suhem prostoru, stran od virov toplote.<br \/>\nVsebuje lahko delce sledi zelene, mleka in mle\u010dnih izdelkov.<\/p>\n<p>Surova kava, ki ni EU porekla.<br \/>\nEn paket vsebuje 10 kapsul po 7 g. Neto te\u017ea posamezne doze: 70 g.<\/p>\n<p><strong>EPICA\u00ae<\/strong><br \/>\nHausbrandt patentirana kapsula je zdru\u017eljiva samo z aparatom za kapsule Guzzini | Hausbrandt.<\/p>\n<p><strong>DVOKOMORNA KAPSULA<\/strong><br \/>\nNajsodobnej\u0161a dvokomorna kapsula zagotavlja maksimalno higieno in ohranja vonjave sve\u017ee mlete kave kot tudi dragocenih \u010dajev in drugih sladokusnih izdelkov.<\/p>\n<p><strong>VEDNO POPOLNA KAVA<\/strong><br \/>\nEnostavno vklopite aparat, vstavite kapsulo in si brez tveganja v vsakem trenutku privo\u0161\u010dite vrhunski espresso.<\/p>\n<p><strong>HITROST PRIPRAVE<\/strong><br \/>\nEnostaven sistem, ki omogo\u010da, da v le nekaj preprostih potezah postre\u017eemo pravilno dozirano in mleto kavo.<\/p>\n<p><strong>\u0160IROK IZBOR KAV, PRAVIH IN ZELI\u0160\u010cNIH \u010cAJEV<\/strong><\/p>\n","protected":false},"excerpt":{"rendered":"<p>Kavni napitek v kapsuli ORZO EPICA\u00ae vas spomni na otro\u0161tvo. Napitek polnega in bogatega okusa je primeren za kateri koli \u010das dneva, saj vas bo dolgo obdajal s toplimi notami ope\u010denih kruhkov.<\/p>\n","protected":false},"featured_media":637,"comment_status":"open","ping_status":"closed","template":"","meta":{"_acf_changed":false},"product_brand":[],"product_cat":[50,49,20],"product_tag":[69],"class_list":{"0":"post-315","1":"product","2":"type-product","3":"status-publish","4":"has-post-thumbnail","6":"product_cat-kapsule-epica-in-zdruzljive-nespresso","7":"product_cat-kavni-napitki-epica","8":"product_cat-kava","9":"product_tag-caji-in-napitki","11":"first","12":"instock","13":"taxable","14":"shipping-taxable","15":"purchasable","16":"product-type-simple"},"acf":[],"_links":{"self":[{"href":"https:\/\/hausbrandt1892.si\/trgovina\/wp-json\/wp\/v2\/product\/315","targetHints":{"allow":["GET"]}}],"collection":[{"href":"https:\/\/hausbrandt1892.si\/trgovina\/wp-json\/wp\/v2\/product"}],"about":[{"href":"https:\/\/hausbrandt1892.si\/trgovina\/wp-json\/wp\/v2\/types\/product"}],"replies":[{"embeddable":true,"href":"https:\/\/hausbrandt1892.si\/trgovina\/wp-json\/wp\/v2\/comments?post=315"}],"wp:featuredmedia":[{"embeddable":true,"href":"https:\/\/hausbrandt1892.si\/trgovina\/wp-json\/wp\/v2\/media\/637"}],"wp:attachment":[{"href":"https:\/\/hausbrandt1892.si\/trgovina\/wp-json\/wp\/v2\/media?parent=315"}],"wp:term":[{"taxonomy":"product_brand","embeddable":true,"href":"https:\/\/hausbrandt1892.si\/trgovina\/wp-json\/wp\/v2\/product_brand?post=315"},{"taxonomy":"product_cat","embeddable":true,"href":"https:\/\/hausbrandt1892.si\/trgovina\/wp-json\/wp\/v2\/product_cat?post=315"},{"taxonomy":"product_tag","embeddable":true,"href":"https:\/\/hausbrandt1892.si\/trgovina\/wp-json\/wp\/v2\/product_tag?post=315"}],"curies":[{"name":"wp","href":"https:\/\/api.w.org\/{rel}","templated":true}]}}