{"id":324,"date":"2021-02-11T20:17:19","date_gmt":"2021-02-11T19:17:19","guid":{"rendered":"https:\/\/hausbrandt1892.si\/trgovina\/?post_type=product&#038;p=324"},"modified":"2025-04-14T12:29:57","modified_gmt":"2025-04-14T12:29:57","slug":"gourmet-3","status":"publish","type":"product","link":"https:\/\/hausbrandt1892.si\/trgovina\/izdelek\/gourmet-3\/","title":{"rendered":"Gourmet &#8211; 50 KOM"},"content":{"rendered":"<p>Pakirano v\u00a0 kontrolirani atmosferi. Hraniti v hladnem in suhem prostoru, stran od virov toplote.<br \/>\nVsebuje lahko sledi zelene, mleka in mle\u010dnih izdelkov.<\/p>\n<p>Surova kava, ki ni EU porekla.<br \/>\nEn paket vsebuje 10 kapsul po 7 g. Neto te\u017ea posamezne doze: 70 g.<\/p>\n<p><strong>EPICA\u00ae<\/strong><br \/>\nHausbrandt patentirana kapsula je zdru\u017eljiva samo z aparatom za kapsule Guzzini | Hausbrandt.<\/p>\n<p><strong>DVOKOMORNA KAPSULA<\/strong><br \/>\nNajsodobnej\u0161a dvokomorna kapsula zagotavlja maksimalno higieno in ohranja vonjave sve\u017ee mlete kave kot tudi dragocenih \u010dajev in drugih izdelkov.<\/p>\n<p><strong>VEDNO POPOLNA KAVA<\/strong><br \/>\nEnostavno vklopite aparat, vstavite kapsulo in si brez tveganja v vsakem trenutku privo\u0161\u010dite vrhunski espresso.<\/p>\n<p><strong>HITROST PRIPRAVE<\/strong><br \/>\nEnostaven sistem, ki omogo\u010da, da v le nekaj preprostih potezah postre\u017eemo pravilno dozirano kavo.<\/p>\n<p><strong>\u0160IROK IZBOR KAV, PRAVIH IN ZELI\u0160\u010cNIH \u010cAJEV<\/strong><\/p>\n","protected":false},"excerpt":{"rendered":"<p>Kava v kapsulah 100 % Arabica EPICA\u00ae z aromo po citrusih in dodano noto za\u010dimb, s pookusom grenkega kakava in amaretija.<\/p>\n","protected":false},"featured_media":636,"comment_status":"open","ping_status":"closed","template":"","meta":{"_acf_changed":false},"product_brand":[],"product_cat":[50,49,20],"product_tag":[68],"class_list":{"0":"post-324","1":"product","2":"type-product","3":"status-publish","4":"has-post-thumbnail","6":"product_cat-kapsule-epica-in-zdruzljive-nespresso","7":"product_cat-kavni-napitki-epica","8":"product_cat-kava","9":"product_tag-dragocene-mesanice","11":"first","12":"instock","13":"taxable","14":"shipping-taxable","15":"purchasable","16":"product-type-simple"},"acf":[],"_links":{"self":[{"href":"https:\/\/hausbrandt1892.si\/trgovina\/wp-json\/wp\/v2\/product\/324","targetHints":{"allow":["GET"]}}],"collection":[{"href":"https:\/\/hausbrandt1892.si\/trgovina\/wp-json\/wp\/v2\/product"}],"about":[{"href":"https:\/\/hausbrandt1892.si\/trgovina\/wp-json\/wp\/v2\/types\/product"}],"replies":[{"embeddable":true,"href":"https:\/\/hausbrandt1892.si\/trgovina\/wp-json\/wp\/v2\/comments?post=324"}],"wp:featuredmedia":[{"embeddable":true,"href":"https:\/\/hausbrandt1892.si\/trgovina\/wp-json\/wp\/v2\/media\/636"}],"wp:attachment":[{"href":"https:\/\/hausbrandt1892.si\/trgovina\/wp-json\/wp\/v2\/media?parent=324"}],"wp:term":[{"taxonomy":"product_brand","embeddable":true,"href":"https:\/\/hausbrandt1892.si\/trgovina\/wp-json\/wp\/v2\/product_brand?post=324"},{"taxonomy":"product_cat","embeddable":true,"href":"https:\/\/hausbrandt1892.si\/trgovina\/wp-json\/wp\/v2\/product_cat?post=324"},{"taxonomy":"product_tag","embeddable":true,"href":"https:\/\/hausbrandt1892.si\/trgovina\/wp-json\/wp\/v2\/product_tag?post=324"}],"curies":[{"name":"wp","href":"https:\/\/api.w.org\/{rel}","templated":true}]}}