{"id":334,"date":"2021-02-11T20:28:49","date_gmt":"2021-02-11T19:28:49","guid":{"rendered":"https:\/\/hausbrandt1892.si\/trgovina\/?post_type=product&#038;p=334"},"modified":"2025-04-14T11:39:06","modified_gmt":"2025-04-14T11:39:06","slug":"gourmet-4","status":"publish","type":"product","link":"https:\/\/hausbrandt1892.si\/trgovina\/izdelek\/gourmet-4\/","title":{"rendered":"Sublime Gourmet &#8211; 100 KOM"},"content":{"rendered":"<p>*Zdru\u017eljive s kavnimi aparati Nespresso\u00ae**.<br \/>\n**Blagovna znamka tretje osebe, ki ni povezana z Hausbrandt caffe S.p.A.<\/p>\n","protected":false},"excerpt":{"rendered":"<p>Kava v kapsulah, zdru\u017eljiva s sistemom Nespresso\u00ae*, 100 % Arabica. Sladka, uravnote\u017eena in ne\u017ena me\u0161anica Arabice, ki o\u010dara s svojo ne\u017eno sladkostjo in rafinirano kislostjo.<\/p>\n","protected":false},"featured_media":2536,"comment_status":"open","ping_status":"closed","template":"","meta":{"_acf_changed":false},"product_brand":[],"product_cat":[50,20],"product_tag":[],"class_list":{"0":"post-334","1":"product","2":"type-product","3":"status-publish","4":"has-post-thumbnail","6":"product_cat-kapsule-epica-in-zdruzljive-nespresso","7":"product_cat-kava","9":"first","10":"instock","11":"taxable","12":"shipping-taxable","13":"purchasable","14":"product-type-simple"},"acf":[],"_links":{"self":[{"href":"https:\/\/hausbrandt1892.si\/trgovina\/wp-json\/wp\/v2\/product\/334","targetHints":{"allow":["GET"]}}],"collection":[{"href":"https:\/\/hausbrandt1892.si\/trgovina\/wp-json\/wp\/v2\/product"}],"about":[{"href":"https:\/\/hausbrandt1892.si\/trgovina\/wp-json\/wp\/v2\/types\/product"}],"replies":[{"embeddable":true,"href":"https:\/\/hausbrandt1892.si\/trgovina\/wp-json\/wp\/v2\/comments?post=334"}],"wp:featuredmedia":[{"embeddable":true,"href":"https:\/\/hausbrandt1892.si\/trgovina\/wp-json\/wp\/v2\/media\/2536"}],"wp:attachment":[{"href":"https:\/\/hausbrandt1892.si\/trgovina\/wp-json\/wp\/v2\/media?parent=334"}],"wp:term":[{"taxonomy":"product_brand","embeddable":true,"href":"https:\/\/hausbrandt1892.si\/trgovina\/wp-json\/wp\/v2\/product_brand?post=334"},{"taxonomy":"product_cat","embeddable":true,"href":"https:\/\/hausbrandt1892.si\/trgovina\/wp-json\/wp\/v2\/product_cat?post=334"},{"taxonomy":"product_tag","embeddable":true,"href":"https:\/\/hausbrandt1892.si\/trgovina\/wp-json\/wp\/v2\/product_tag?post=334"}],"curies":[{"name":"wp","href":"https:\/\/api.w.org\/{rel}","templated":true}]}}