{"id":371,"date":"2021-02-11T21:03:30","date_gmt":"2021-02-11T20:03:30","guid":{"rendered":"https:\/\/hausbrandt1892.si\/trgovina\/?post_type=product&#038;p=371"},"modified":"2025-10-06T11:55:20","modified_gmt":"2025-10-06T11:55:20","slug":"zeleni-caj","status":"publish","type":"product","link":"https:\/\/hausbrandt1892.si\/trgovina\/izdelek\/zeleni-caj\/","title":{"rendered":"Zeleni \u010daj &#8211; 10 vre\u010dk"},"content":{"rendered":"<p>Degustacijska \u010dajna \u0161katla z desetimi razli\u010dnimi vrstami \u010daja je primerna tako za izku\u0161ene poznavalce \u010daja kot za za\u010detnike ali samo prilo\u017enostne pivce \u010dajnega poparka. \u0160katla je polnjena z desetimi razli\u010dicami zelenega \u010daja Ronnefeldt. Vsaka porcija zadostuje za 0,4 L tega izvrstnega napitka.<br \/>\nVsebuje: Poreklo Kitajska:<br \/>\nOrganicLung Ching, GreenKeemun Congou<br \/>\nOrganicYuncui<br \/>\nOrganicGu Zhang Mao Jian<br \/>\nPoreklo Japonska:<br \/>\nOrganicBancha<br \/>\nOrganicFancy Sencha<br \/>\nPoreklo Taiwan:<br \/>\nOolongTi Dung<br \/>\nPiLo Chun<br \/>\nPoreklo Indija:<br \/>\nOrganicIndian Green leaf<br \/>\nPoreklo Ceylon:<br \/>\nOrganicGreen Watawala Special<\/p>\n","protected":false},"excerpt":{"rendered":"<p>Degustacijska \u010dajna \u0161katla z desetimi razli\u010dnimi vrstami \u010daja je primerna tako za izku\u0161ene poznavalce \u010daja kot za za\u010detnike ali samo prilo\u017enostne pivce \u010dajnega poparka.<\/p>\n","protected":false},"featured_media":577,"comment_status":"open","ping_status":"closed","template":"","meta":{"_acf_changed":false},"product_brand":[],"product_cat":[51,54],"product_tag":[],"class_list":{"0":"post-371","1":"product","2":"type-product","3":"status-publish","4":"has-post-thumbnail","6":"product_cat-caji","7":"product_cat-tea-tasting-boxes","9":"first","10":"outofstock","11":"taxable","12":"shipping-taxable","13":"purchasable","14":"product-type-simple"},"acf":[],"_links":{"self":[{"href":"https:\/\/hausbrandt1892.si\/trgovina\/wp-json\/wp\/v2\/product\/371","targetHints":{"allow":["GET"]}}],"collection":[{"href":"https:\/\/hausbrandt1892.si\/trgovina\/wp-json\/wp\/v2\/product"}],"about":[{"href":"https:\/\/hausbrandt1892.si\/trgovina\/wp-json\/wp\/v2\/types\/product"}],"replies":[{"embeddable":true,"href":"https:\/\/hausbrandt1892.si\/trgovina\/wp-json\/wp\/v2\/comments?post=371"}],"wp:featuredmedia":[{"embeddable":true,"href":"https:\/\/hausbrandt1892.si\/trgovina\/wp-json\/wp\/v2\/media\/577"}],"wp:attachment":[{"href":"https:\/\/hausbrandt1892.si\/trgovina\/wp-json\/wp\/v2\/media?parent=371"}],"wp:term":[{"taxonomy":"product_brand","embeddable":true,"href":"https:\/\/hausbrandt1892.si\/trgovina\/wp-json\/wp\/v2\/product_brand?post=371"},{"taxonomy":"product_cat","embeddable":true,"href":"https:\/\/hausbrandt1892.si\/trgovina\/wp-json\/wp\/v2\/product_cat?post=371"},{"taxonomy":"product_tag","embeddable":true,"href":"https:\/\/hausbrandt1892.si\/trgovina\/wp-json\/wp\/v2\/product_tag?post=371"}],"curies":[{"name":"wp","href":"https:\/\/api.w.org\/{rel}","templated":true}]}}