{"id":374,"date":"2021-02-11T21:06:59","date_gmt":"2021-02-11T20:06:59","guid":{"rendered":"https:\/\/hausbrandt1892.si\/trgovina\/?post_type=product&#038;p=374"},"modified":"2025-10-06T11:54:28","modified_gmt":"2025-10-06T11:54:28","slug":"zeliscni-poparek-rooibos","status":"publish","type":"product","link":"https:\/\/hausbrandt1892.si\/trgovina\/izdelek\/zeliscni-poparek-rooibos\/","title":{"rendered":"Zeli\u0161\u010dni poparek &amp; Rooibos &#8211; 10 vre\u010dk"},"content":{"rendered":"<p>Degustacijska \u010dajna \u0161katla je primerna tako za izku\u0161ene poznavalce \u010daja kot za za\u010detnike ali samo prilo\u017enostne pivce \u010dajnega poparka. \u0160katla je polnjena z desetimi razli\u010dicami \u010daja Ronnefeldt. Vsaka porcija zadostuje za 0,4 L tega izvrstnega napitka.<br \/>\nVsebuje: Best Balance<br \/>\nMaqui Mandra<br \/>\nHoney bush Cream Cocktail\u00ae<br \/>\nAmaretto pear<br \/>\nGreen Rooibos strawberry cream<br \/>\nRooibos orange cream<br \/>\nOrganic Rooibos lemon<br \/>\nOrganic all-weather<br \/>\nGinger on herbs<br \/>\nGinger<\/p>\n","protected":false},"excerpt":{"rendered":"<p>Degustacijska \u010dajna \u0161katla je primerna tako za izku\u0161ene poznavalce \u010daja kot za za\u010detnike ali samo prilo\u017enostne pivce \u010dajnega poparka.<\/p>\n","protected":false},"featured_media":579,"comment_status":"open","ping_status":"closed","template":"","meta":{"_acf_changed":false},"product_brand":[],"product_cat":[51,54],"product_tag":[],"class_list":{"0":"post-374","1":"product","2":"type-product","3":"status-publish","4":"has-post-thumbnail","6":"product_cat-caji","7":"product_cat-tea-tasting-boxes","9":"first","10":"outofstock","11":"taxable","12":"shipping-taxable","13":"purchasable","14":"product-type-simple"},"acf":[],"_links":{"self":[{"href":"https:\/\/hausbrandt1892.si\/trgovina\/wp-json\/wp\/v2\/product\/374","targetHints":{"allow":["GET"]}}],"collection":[{"href":"https:\/\/hausbrandt1892.si\/trgovina\/wp-json\/wp\/v2\/product"}],"about":[{"href":"https:\/\/hausbrandt1892.si\/trgovina\/wp-json\/wp\/v2\/types\/product"}],"replies":[{"embeddable":true,"href":"https:\/\/hausbrandt1892.si\/trgovina\/wp-json\/wp\/v2\/comments?post=374"}],"wp:featuredmedia":[{"embeddable":true,"href":"https:\/\/hausbrandt1892.si\/trgovina\/wp-json\/wp\/v2\/media\/579"}],"wp:attachment":[{"href":"https:\/\/hausbrandt1892.si\/trgovina\/wp-json\/wp\/v2\/media?parent=374"}],"wp:term":[{"taxonomy":"product_brand","embeddable":true,"href":"https:\/\/hausbrandt1892.si\/trgovina\/wp-json\/wp\/v2\/product_brand?post=374"},{"taxonomy":"product_cat","embeddable":true,"href":"https:\/\/hausbrandt1892.si\/trgovina\/wp-json\/wp\/v2\/product_cat?post=374"},{"taxonomy":"product_tag","embeddable":true,"href":"https:\/\/hausbrandt1892.si\/trgovina\/wp-json\/wp\/v2\/product_tag?post=374"}],"curies":[{"name":"wp","href":"https:\/\/api.w.org\/{rel}","templated":true}]}}