{"id":376,"date":"2021-02-11T21:08:18","date_gmt":"2021-02-11T20:08:18","guid":{"rendered":"https:\/\/hausbrandt1892.si\/trgovina\/?post_type=product&#038;p=376"},"modified":"2025-10-06T10:57:02","modified_gmt":"2025-10-06T10:57:02","slug":"sadni-poparek","status":"publish","type":"product","link":"https:\/\/hausbrandt1892.si\/trgovina\/izdelek\/sadni-poparek\/","title":{"rendered":"Sadni poparek &#8211; 10 vre\u010dk"},"content":{"rendered":"<p>Degustacijska \u010dajna \u0161katla z desetimi razli\u010dnimi vrstami \u010daja je primerna tako za izku\u0161ene poznavalce \u010daja kot za za\u010detnike ali samo prilo\u017enostne pivce \u010dajnega poparka. \u0160katla je polnjena z desetimi razli\u010dicami \u010daja Ronnefeldt. Vsaka porcija zadostuje za 0,4 L tega izvrstnega napitka.<br \/>\nVsebuje: Apfelquitte<br \/>\nNoble pear<br \/>\nStrawberry &amp; Raspberry<br \/>\nFiery Cherry\u00ae<br \/>\nFresh &amp; Frech\u00ae<br \/>\nHolsteinergroats<br \/>\nLemon Twist\u00ae<br \/>\nOlympic Star\u00ae<br \/>\nBlackelder<br \/>\nWhite Peach<\/p>\n","protected":false},"excerpt":{"rendered":"<p>Degustacijska \u010dajna \u0161katla z desetimi razli\u010dnimi vrstami \u010daja je primerna tako za izku\u0161ene poznavalce \u010daja kot za za\u010detnike ali samo prilo\u017enostne pivce \u010dajnega poparka.<\/p>\n","protected":false},"featured_media":581,"comment_status":"open","ping_status":"closed","template":"","meta":{"_acf_changed":false},"product_brand":[],"product_cat":[51,54],"product_tag":[],"class_list":{"0":"post-376","1":"product","2":"type-product","3":"status-publish","4":"has-post-thumbnail","6":"product_cat-caji","7":"product_cat-tea-tasting-boxes","9":"first","10":"outofstock","11":"taxable","12":"shipping-taxable","13":"purchasable","14":"product-type-simple"},"acf":[],"_links":{"self":[{"href":"https:\/\/hausbrandt1892.si\/trgovina\/wp-json\/wp\/v2\/product\/376","targetHints":{"allow":["GET"]}}],"collection":[{"href":"https:\/\/hausbrandt1892.si\/trgovina\/wp-json\/wp\/v2\/product"}],"about":[{"href":"https:\/\/hausbrandt1892.si\/trgovina\/wp-json\/wp\/v2\/types\/product"}],"replies":[{"embeddable":true,"href":"https:\/\/hausbrandt1892.si\/trgovina\/wp-json\/wp\/v2\/comments?post=376"}],"wp:featuredmedia":[{"embeddable":true,"href":"https:\/\/hausbrandt1892.si\/trgovina\/wp-json\/wp\/v2\/media\/581"}],"wp:attachment":[{"href":"https:\/\/hausbrandt1892.si\/trgovina\/wp-json\/wp\/v2\/media?parent=376"}],"wp:term":[{"taxonomy":"product_brand","embeddable":true,"href":"https:\/\/hausbrandt1892.si\/trgovina\/wp-json\/wp\/v2\/product_brand?post=376"},{"taxonomy":"product_cat","embeddable":true,"href":"https:\/\/hausbrandt1892.si\/trgovina\/wp-json\/wp\/v2\/product_cat?post=376"},{"taxonomy":"product_tag","embeddable":true,"href":"https:\/\/hausbrandt1892.si\/trgovina\/wp-json\/wp\/v2\/product_tag?post=376"}],"curies":[{"name":"wp","href":"https:\/\/api.w.org\/{rel}","templated":true}]}}