{"id":388,"date":"2021-02-11T21:21:06","date_gmt":"2021-02-11T20:21:06","guid":{"rendered":"https:\/\/hausbrandt1892.si\/trgovina\/?post_type=product&#038;p=388"},"modified":"2023-09-22T06:29:50","modified_gmt":"2023-09-22T05:29:50","slug":"decaffeinated-1-5-g","status":"publish","type":"product","link":"https:\/\/hausbrandt1892.si\/trgovina\/izdelek\/decaffeinated-1-5-g\/","title":{"rendered":"Decaffeinated 1.5 g"},"content":{"rendered":"<p>Teavelope\u00ae je vre\u010dka \u010daja v najbolj klasi\u010dnem formatu Ronnefeldt. Ime, ki govori o preteklosti, z bogastvom dolgoletnih izku\u0161enj in trgovanjem s \u010daji vrhunske kakovosti.<br \/>\nVre\u010dko, ki vsebuje liste tipa Fannings, \u0161\u010diti ovitek iz ekolo\u0161kega OPP (olipropilenskega) filma. Gre za material, ki ne dopu\u0161\u010da uhajanja arome in prepre\u010duje onesna\u017eenje s tujimi vonjavami. Na ta na\u010din \u010daj obdr\u017ei vse svoje lastnosti in rahle naravne odtenke najbolj\u0161ih \u010dajev.<br \/>\n\u0160katla s 25 vre\u010dkami po 1,5 g.<br \/>\nProizvajanje in pakiranje v Nem\u010diji: J. T. Ronnefeldt KG &#8211; 27726 Worpswede\/Nem\u010dija<\/p>\n","protected":false},"excerpt":{"rendered":"<p>\u010crni \u010daj brez kofeina, primeren kot hladen napitek v vro\u010dem poletnem \u010dasu. Sestavine: \u010drni \u010daj.<\/p>\n","protected":false},"featured_media":587,"comment_status":"open","ping_status":"closed","template":"","meta":{"_acf_changed":false},"product_brand":[],"product_cat":[51,55],"product_tag":[],"class_list":{"0":"post-388","1":"product","2":"type-product","3":"status-publish","4":"has-post-thumbnail","6":"product_cat-caji","7":"product_cat-teavelope","9":"first","10":"instock","11":"taxable","12":"shipping-taxable","13":"purchasable","14":"product-type-simple"},"acf":[],"_links":{"self":[{"href":"https:\/\/hausbrandt1892.si\/trgovina\/wp-json\/wp\/v2\/product\/388","targetHints":{"allow":["GET"]}}],"collection":[{"href":"https:\/\/hausbrandt1892.si\/trgovina\/wp-json\/wp\/v2\/product"}],"about":[{"href":"https:\/\/hausbrandt1892.si\/trgovina\/wp-json\/wp\/v2\/types\/product"}],"replies":[{"embeddable":true,"href":"https:\/\/hausbrandt1892.si\/trgovina\/wp-json\/wp\/v2\/comments?post=388"}],"wp:featuredmedia":[{"embeddable":true,"href":"https:\/\/hausbrandt1892.si\/trgovina\/wp-json\/wp\/v2\/media\/587"}],"wp:attachment":[{"href":"https:\/\/hausbrandt1892.si\/trgovina\/wp-json\/wp\/v2\/media?parent=388"}],"wp:term":[{"taxonomy":"product_brand","embeddable":true,"href":"https:\/\/hausbrandt1892.si\/trgovina\/wp-json\/wp\/v2\/product_brand?post=388"},{"taxonomy":"product_cat","embeddable":true,"href":"https:\/\/hausbrandt1892.si\/trgovina\/wp-json\/wp\/v2\/product_cat?post=388"},{"taxonomy":"product_tag","embeddable":true,"href":"https:\/\/hausbrandt1892.si\/trgovina\/wp-json\/wp\/v2\/product_tag?post=388"}],"curies":[{"name":"wp","href":"https:\/\/api.w.org\/{rel}","templated":true}]}}