{"id":474,"date":"2021-02-11T22:00:17","date_gmt":"2021-02-11T21:00:17","guid":{"rendered":"https:\/\/hausbrandt1892.si\/trgovina\/?post_type=product&#038;p=474"},"modified":"2025-01-03T10:51:33","modified_gmt":"2025-01-03T10:51:33","slug":"orzoespresso-6-0-g","status":"publish","type":"product","link":"https:\/\/hausbrandt1892.si\/trgovina\/izdelek\/orzoespresso-6-0-g\/","title":{"rendered":"Orzoespresso 6.0 g"},"content":{"rendered":"","protected":false},"excerpt":{"rendered":"<p>ORZO kavni napitek v tabletki, pakiran v 25 vre\u010dk. U\u017eitek polnega in bogatega okusa je primeren za kateri koli \u010das v dnevu, saj vas bo dolgo obdajal s toplimi notami ope\u010denih kruhkov.<\/p>\n","protected":false},"featured_media":611,"comment_status":"open","ping_status":"closed","template":"","meta":{"_acf_changed":false},"product_brand":[],"product_cat":[60],"product_tag":[],"class_list":{"0":"post-474","1":"product","2":"type-product","3":"status-publish","4":"has-post-thumbnail","6":"product_cat-topli-napitki","8":"first","9":"instock","10":"taxable","11":"shipping-taxable","12":"purchasable","13":"product-type-simple"},"acf":[],"_links":{"self":[{"href":"https:\/\/hausbrandt1892.si\/trgovina\/wp-json\/wp\/v2\/product\/474","targetHints":{"allow":["GET"]}}],"collection":[{"href":"https:\/\/hausbrandt1892.si\/trgovina\/wp-json\/wp\/v2\/product"}],"about":[{"href":"https:\/\/hausbrandt1892.si\/trgovina\/wp-json\/wp\/v2\/types\/product"}],"replies":[{"embeddable":true,"href":"https:\/\/hausbrandt1892.si\/trgovina\/wp-json\/wp\/v2\/comments?post=474"}],"wp:featuredmedia":[{"embeddable":true,"href":"https:\/\/hausbrandt1892.si\/trgovina\/wp-json\/wp\/v2\/media\/611"}],"wp:attachment":[{"href":"https:\/\/hausbrandt1892.si\/trgovina\/wp-json\/wp\/v2\/media?parent=474"}],"wp:term":[{"taxonomy":"product_brand","embeddable":true,"href":"https:\/\/hausbrandt1892.si\/trgovina\/wp-json\/wp\/v2\/product_brand?post=474"},{"taxonomy":"product_cat","embeddable":true,"href":"https:\/\/hausbrandt1892.si\/trgovina\/wp-json\/wp\/v2\/product_cat?post=474"},{"taxonomy":"product_tag","embeddable":true,"href":"https:\/\/hausbrandt1892.si\/trgovina\/wp-json\/wp\/v2\/product_tag?post=474"}],"curies":[{"name":"wp","href":"https:\/\/api.w.org\/{rel}","templated":true}]}}