{"id":476,"date":"2021-02-11T22:07:47","date_gmt":"2021-02-11T21:07:47","guid":{"rendered":"https:\/\/hausbrandt1892.si\/trgovina\/?post_type=product&#038;p=476"},"modified":"2023-10-17T12:30:23","modified_gmt":"2023-10-17T11:30:23","slug":"250-kos-po-17gr","status":"publish","type":"product","link":"https:\/\/hausbrandt1892.si\/trgovina\/izdelek\/250-kos-po-17gr\/","title":{"rendered":"KAVA SOLUBILE &#8211; EASY COFFE"},"content":{"rendered":"<p>LIOFILIZIRANA KAVA. Postopek pridobivanja te osve\u017eilne pija\u010de je dolgotrajen in energetsko intenziven proces. Rezultat je torej kava z mo\u010dnim okusom in aromo izbranih eteri\u010dnih olj. Napitek s prijetno kislostjo in zna\u010dilno aromo kave Arabica. 100 % Arabica in posebna proizvodna tehnika dajeta LIOFILIZIRANI kavi lastnosti intenzivne in zelo aromatizirane kave.<br \/>\n100 % kava Arabica v pakiranjih 250 kos po 1,7gr<\/p>\n","protected":false},"excerpt":{"rendered":"<p>LIOFILIZIRANA KAVA. Postopek pridobivanja te osve\u017eilne pija\u010de je dolgotrajen in energetsko intenziven proces.<\/p>\n","protected":false},"featured_media":2109,"comment_status":"open","ping_status":"closed","template":"","meta":{"_acf_changed":false},"product_brand":[],"product_cat":[60],"product_tag":[],"class_list":{"0":"post-476","1":"product","2":"type-product","3":"status-publish","4":"has-post-thumbnail","6":"product_cat-topli-napitki","8":"first","9":"instock","10":"taxable","11":"shipping-taxable","12":"purchasable","13":"product-type-simple"},"acf":[],"_links":{"self":[{"href":"https:\/\/hausbrandt1892.si\/trgovina\/wp-json\/wp\/v2\/product\/476","targetHints":{"allow":["GET"]}}],"collection":[{"href":"https:\/\/hausbrandt1892.si\/trgovina\/wp-json\/wp\/v2\/product"}],"about":[{"href":"https:\/\/hausbrandt1892.si\/trgovina\/wp-json\/wp\/v2\/types\/product"}],"replies":[{"embeddable":true,"href":"https:\/\/hausbrandt1892.si\/trgovina\/wp-json\/wp\/v2\/comments?post=476"}],"wp:featuredmedia":[{"embeddable":true,"href":"https:\/\/hausbrandt1892.si\/trgovina\/wp-json\/wp\/v2\/media\/2109"}],"wp:attachment":[{"href":"https:\/\/hausbrandt1892.si\/trgovina\/wp-json\/wp\/v2\/media?parent=476"}],"wp:term":[{"taxonomy":"product_brand","embeddable":true,"href":"https:\/\/hausbrandt1892.si\/trgovina\/wp-json\/wp\/v2\/product_brand?post=476"},{"taxonomy":"product_cat","embeddable":true,"href":"https:\/\/hausbrandt1892.si\/trgovina\/wp-json\/wp\/v2\/product_cat?post=476"},{"taxonomy":"product_tag","embeddable":true,"href":"https:\/\/hausbrandt1892.si\/trgovina\/wp-json\/wp\/v2\/product_tag?post=476"}],"curies":[{"name":"wp","href":"https:\/\/api.w.org\/{rel}","templated":true}]}}