{"id":675,"date":"2021-02-23T22:04:35","date_gmt":"2021-02-23T21:04:35","guid":{"rendered":"https:\/\/hausbrandt1892.si\/trgovina\/?post_type=product&#038;p=675"},"modified":"2025-10-14T06:48:14","modified_gmt":"2025-10-14T06:48:14","slug":"qualita-rossa","status":"publish","type":"product","link":"https:\/\/hausbrandt1892.si\/trgovina\/izdelek\/qualita-rossa\/","title":{"rendered":"Qualita&#8217; Rossa &#8211; 250 g"},"content":{"rendered":"<p>Kava Rossa iz pra\u017earne Hausbrandt je intenzivna, nekoliko trpka in polna italijanske strasti.<br \/>\nQualita Rossa preseneti s svojo polnostjo in blagim zaklju\u010dkom, z noto sve\u017ee pra\u017eenega kruha in \u017eit.<\/p>\n","protected":false},"excerpt":{"rendered":"<p>Qualita Rossa preseneti s svojo polnostjo in blagim zaklju\u010dkom, z noto sve\u017ee pra\u017eenega kruha in \u017eit.<\/p>\n","protected":false},"featured_media":2648,"comment_status":"open","ping_status":"closed","template":"","meta":{"_acf_changed":false},"product_brand":[],"product_cat":[48,20],"product_tag":[67],"class_list":{"0":"post-675","1":"product","2":"type-product","3":"status-publish","4":"has-post-thumbnail","6":"product_cat-mleta-kava","7":"product_cat-kava","8":"product_tag-mleta-kava-za-moko","10":"first","11":"instock","12":"taxable","13":"shipping-taxable","14":"purchasable","15":"product-type-simple"},"acf":[],"_links":{"self":[{"href":"https:\/\/hausbrandt1892.si\/trgovina\/wp-json\/wp\/v2\/product\/675","targetHints":{"allow":["GET"]}}],"collection":[{"href":"https:\/\/hausbrandt1892.si\/trgovina\/wp-json\/wp\/v2\/product"}],"about":[{"href":"https:\/\/hausbrandt1892.si\/trgovina\/wp-json\/wp\/v2\/types\/product"}],"replies":[{"embeddable":true,"href":"https:\/\/hausbrandt1892.si\/trgovina\/wp-json\/wp\/v2\/comments?post=675"}],"wp:featuredmedia":[{"embeddable":true,"href":"https:\/\/hausbrandt1892.si\/trgovina\/wp-json\/wp\/v2\/media\/2648"}],"wp:attachment":[{"href":"https:\/\/hausbrandt1892.si\/trgovina\/wp-json\/wp\/v2\/media?parent=675"}],"wp:term":[{"taxonomy":"product_brand","embeddable":true,"href":"https:\/\/hausbrandt1892.si\/trgovina\/wp-json\/wp\/v2\/product_brand?post=675"},{"taxonomy":"product_cat","embeddable":true,"href":"https:\/\/hausbrandt1892.si\/trgovina\/wp-json\/wp\/v2\/product_cat?post=675"},{"taxonomy":"product_tag","embeddable":true,"href":"https:\/\/hausbrandt1892.si\/trgovina\/wp-json\/wp\/v2\/product_tag?post=675"}],"curies":[{"name":"wp","href":"https:\/\/api.w.org\/{rel}","templated":true}]}}